{"id":33,"date":"2022-01-04T20:04:16","date_gmt":"2022-01-04T20:04:16","guid":{"rendered":"https:\/\/soulvida.e-crie.com\/?page_id=33"},"modified":"2024-01-24T19:18:26","modified_gmt":"2024-01-24T19:18:26","slug":"contato","status":"publish","type":"page","link":"https:\/\/soulvida.e-crie.com\/index.php\/contato\/","title":{"rendered":"CONTATO"},"content":{"rendered":"<div id='contato'  class='avia-section av-av_section-db62a545e88ee0c220ccc8fe569fe63a main_color avia-section-default avia-no-border-styling  avia-builder-el-0  avia-builder-el-no-sibling  avia-bg-style-scroll container_wrap sidebar_right'  ><div class='container av-section-cont-open' ><main  role=\"main\" itemprop=\"mainContentOfPage\"  class='template-page content  av-content-small alpha units'><div class='post-entry post-entry-type-page post-entry-33'><div class='entry-content-wrapper clearfix'>\n\n<style type=\"text\/css\" data-created_by=\"avia_inline_auto\" id=\"style-css-av-av_heading-2fd45b0b4fa4a947d8acc9c7ade7a04b\">\n#top .av-special-heading.av-av_heading-2fd45b0b4fa4a947d8acc9c7ade7a04b{\npadding-bottom:10px;\ncolor:#000000;\nfont-size:40px;\n}\nbody .av-special-heading.av-av_heading-2fd45b0b4fa4a947d8acc9c7ade7a04b .av-special-heading-tag .heading-char{\nfont-size:30px;\n}\n#top #wrap_all .av-special-heading.av-av_heading-2fd45b0b4fa4a947d8acc9c7ade7a04b .av-special-heading-tag{\nfont-size:40px;\n}\n.av-special-heading.av-av_heading-2fd45b0b4fa4a947d8acc9c7ade7a04b .special-heading-inner-border{\nborder-color:#000000;\n}\n.av-special-heading.av-av_heading-2fd45b0b4fa4a947d8acc9c7ade7a04b .av-subheading{\nfont-size:15px;\n}\n\n@media only screen and (min-width: 480px) and (max-width: 767px){ \n#top #wrap_all .av-special-heading.av-av_heading-2fd45b0b4fa4a947d8acc9c7ade7a04b .av-special-heading-tag{\nfont-size:0.8em;\n}\n}\n\n@media only screen and (max-width: 479px){ \n#top #wrap_all .av-special-heading.av-av_heading-2fd45b0b4fa4a947d8acc9c7ade7a04b .av-special-heading-tag{\nfont-size:0.8em;\n}\n}\n<\/style>\n<div  class='av-special-heading av-av_heading-2fd45b0b4fa4a947d8acc9c7ade7a04b av-special-heading-h3 custom-color-heading blockquote modern-quote modern-centered  avia-builder-el-1  el_before_av_one_half  avia-builder-el-first  av-inherit-size'><h3 class='av-special-heading-tag'  itemprop=\"headline\"  >CONTATO<\/h3><div class=\"special-heading-border\"><div class=\"special-heading-inner-border\"><\/div><\/div><\/div>\n<div  class='flex_column av-av_one_half-048119fdb636ea3d70edc0b975509c6c av_one_half  avia-builder-el-2  el_after_av_heading  el_before_av_one_half  first flex_column_div  '     ><p>\n<style type=\"text\/css\" data-created_by=\"avia_inline_auto\" id=\"style-css-av-av_textblock-06076fbe3285c0a9144e1bdf8b57c8d0\">\n#top .av_textblock_section.av-av_textblock-06076fbe3285c0a9144e1bdf8b57c8d0 .avia_textblock{\nfont-size:18px;\n}\n<\/style>\n<section  class='av_textblock_section av-av_textblock-06076fbe3285c0a9144e1bdf8b57c8d0 '   itemscope=\"itemscope\" itemtype=\"https:\/\/schema.org\/CreativeWork\" ><div class='avia_textblock'  itemprop=\"text\" ><p>Fale conosco! Se voc\u00ea tem alguma d\u00favida, quer saber mais sobre nossos projetos, ou precisa de um or\u00e7amento, envie sua mensagem.<\/p>\n<\/div><\/section><br \/>\n\n<style type=\"text\/css\" data-created_by=\"avia_inline_auto\" id=\"style-css-av-av_hr-35d53d7be2491954ac97ecc375137ffb\">\n#top .hr.hr-invisible.av-av_hr-35d53d7be2491954ac97ecc375137ffb{\nheight:15px;\n}\n<\/style>\n<div  class='hr av-av_hr-35d53d7be2491954ac97ecc375137ffb hr-invisible  avia-builder-el-4  el_after_av_textblock  el_before_av_textblock '><span class='hr-inner '><span class=\"hr-inner-style\"><\/span><\/span><\/div><br \/>\n\n<style type=\"text\/css\" data-created_by=\"avia_inline_auto\" id=\"style-css-av-av_textblock-06076fbe3285c0a9144e1bdf8b57c8d0\">\n#top .av_textblock_section.av-av_textblock-06076fbe3285c0a9144e1bdf8b57c8d0 .avia_textblock{\nfont-size:18px;\n}\n<\/style>\n<section  class='av_textblock_section av-av_textblock-06076fbe3285c0a9144e1bdf8b57c8d0 '   itemscope=\"itemscope\" itemtype=\"https:\/\/schema.org\/CreativeWork\" ><div class='avia_textblock'  itemprop=\"text\" ><p>\n<style type=\"text\/css\" data-created_by=\"avia_inline_auto\" id=\"style-css-av-av_font_icon-b2d02252205c4d740511951135e3c308\">\n.av_font_icon.av-av_font_icon-b2d02252205c4d740511951135e3c308 .av-icon-char{\nfont-size:24px;\nline-height:24px;\n}\n<\/style>\n<span  class='av_font_icon av-av_font_icon-b2d02252205c4d740511951135e3c308 avia_animate_when_visible av-icon-style- avia-icon-pos-left av-no-color avia-icon-animate'><span class='av-icon-char' aria-hidden='true' data-av_icon='\ue854' data-av_iconfont='entypo-fontello' ><\/span><\/span> (19) 3291-2198<\/p>\n<p>\n<style type=\"text\/css\" data-created_by=\"avia_inline_auto\" id=\"style-css-av-av_font_icon-ded558a867079670958cb0e19b987bbc\">\n.av_font_icon.av-av_font_icon-ded558a867079670958cb0e19b987bbc .av-icon-char{\nfont-size:24px;\nline-height:24px;\n}\n<\/style>\n<span  class='av_font_icon av-av_font_icon-ded558a867079670958cb0e19b987bbc avia_animate_when_visible av-icon-style- avia-icon-pos-left av-no-color avia-icon-animate'><span class='av-icon-char' aria-hidden='true' data-av_icon='\uf232' data-av_iconfont='entypo-fontello' ><\/span><\/span> (19) 98327-3258<\/p>\n<p>\n<style type=\"text\/css\" data-created_by=\"avia_inline_auto\" id=\"style-css-av-av_font_icon-8b3d5ad122dc4ae0ca1df0f6c3083c69\">\n.av_font_icon.av-av_font_icon-8b3d5ad122dc4ae0ca1df0f6c3083c69 .av-icon-char{\nfont-size:24px;\nline-height:24px;\n}\n<\/style>\n<span  class='av_font_icon av-av_font_icon-8b3d5ad122dc4ae0ca1df0f6c3083c69 avia_animate_when_visible av-icon-style- avia-icon-pos-left av-no-color avia-icon-animate'><span class='av-icon-char' aria-hidden='true' data-av_icon='\ue805' data-av_iconfont='entypo-fontello' ><\/span><\/span>comercial@criativa-engenharia.com.br<\/p>\n<p>\n<style type=\"text\/css\" data-created_by=\"avia_inline_auto\" id=\"style-css-av-av_font_icon-e38aef7deedd4d01ea403e62deea3dc5\">\n.av_font_icon.av-av_font_icon-e38aef7deedd4d01ea403e62deea3dc5 .av-icon-char{\nfont-size:24px;\nline-height:24px;\n}\n<\/style>\n<span  class='av_font_icon av-av_font_icon-e38aef7deedd4d01ea403e62deea3dc5 avia_animate_when_visible av-icon-style- avia-icon-pos-left av-no-color avia-icon-animate'><span class='av-icon-char' aria-hidden='true' data-av_icon='\ue842' data-av_iconfont='entypo-fontello' ><\/span><\/span> Rua Dr. Arnaldo de Carvalho, 156 &#8211; Bonfim &#8211; Campinas\/SP CEP: 13070-723<\/p>\n<\/div><\/section><\/p><\/div><div  class='flex_column av-av_one_half-feecfcc73494c68bb0d1632d1d5c38ae av_one_half  avia-builder-el-10  el_after_av_one_half  avia-builder-el-last  flex_column_div  '     ><section  class='av_textblock_section av-av_textblock-564067357eb74c20cdd60b282c9b50bd '   itemscope=\"itemscope\" itemtype=\"https:\/\/schema.org\/CreativeWork\" ><div class='avia_textblock'  itemprop=\"text\" ><div class=\"wpforms-container wpforms-container-full\" id=\"wpforms-626\"><form id=\"wpforms-form-626\" class=\"wpforms-validate wpforms-form wpforms-ajax-form\" data-formid=\"626\" method=\"post\" enctype=\"multipart\/form-data\" action=\"\/index.php\/wp-json\/wp\/v2\/pages\/33\" data-token=\"6a0c2693ad008ae9825f4ad27d1389aa\" data-token-time=\"1776366601\"><noscript class=\"wpforms-error-noscript\">Please enable JavaScript in your browser to complete this form.<\/noscript><div class=\"wpforms-field-container\"><div id=\"wpforms-626-field_1-container\" class=\"wpforms-field wpforms-field-text\" data-field-id=\"1\"><label class=\"wpforms-field-label\" for=\"wpforms-626-field_1\">Nome: <span class=\"wpforms-required-label\">*<\/span><\/label><input type=\"text\" id=\"wpforms-626-field_1\" class=\"wpforms-field-medium wpforms-field-required\" name=\"wpforms[fields][1]\" required><\/div><div id=\"wpforms-626-field_6-container\" class=\"wpforms-field wpforms-field-number\" data-field-id=\"6\"><label class=\"wpforms-field-label\" for=\"wpforms-626-field_6\">Telefone: <span class=\"wpforms-required-label\">*<\/span><\/label><input type=\"number\" id=\"wpforms-626-field_6\" class=\"wpforms-field-medium wpforms-field-required\" name=\"wpforms[fields][6]\" required><\/div><div id=\"wpforms-626-field_3-container\" class=\"wpforms-field wpforms-field-text\" data-field-id=\"3\"><label class=\"wpforms-field-label\" for=\"wpforms-626-field_3\">E-mail: <span class=\"wpforms-required-label\">*<\/span><\/label><input type=\"text\" id=\"wpforms-626-field_3\" class=\"wpforms-field-medium wpforms-field-required\" name=\"wpforms[fields][3]\" required><\/div><div id=\"wpforms-626-field_5-container\" class=\"wpforms-field wpforms-field-textarea\" data-field-id=\"5\"><label class=\"wpforms-field-label\" for=\"wpforms-626-field_5\">Mensagem: <span class=\"wpforms-required-label\">*<\/span><\/label><textarea id=\"wpforms-626-field_5\" class=\"wpforms-field-medium wpforms-field-required\" name=\"wpforms[fields][5]\" required><\/textarea><\/div><\/div><!-- .wpforms-field-container --><div class=\"wpforms-submit-container\" ><input type=\"hidden\" name=\"wpforms[id]\" value=\"626\"><input type=\"hidden\" name=\"page_title\" value=\"\"><input type=\"hidden\" name=\"page_url\" value=\"https:\/\/soulvida.e-crie.com\/index.php\/wp-json\/wp\/v2\/pages\/33\"><button type=\"submit\" name=\"wpforms[submit]\" id=\"wpforms-submit-626\" class=\"wpforms-submit\" data-alt-text=\"Enviando\" data-submit-text=\"Enviar\" aria-live=\"assertive\" value=\"wpforms-submit\">Enviar<\/button><img loading=\"lazy\" decoding=\"async\" src=\"https:\/\/soulvida.e-crie.com\/wp-content\/plugins\/wpforms-lite\/assets\/images\/submit-spin.svg\" class=\"wpforms-submit-spinner\" style=\"display: none;\" width=\"26\" height=\"26\" alt=\"Loading\"><\/div><\/form><\/div>  <!-- .wpforms-container -->\n<\/div><\/section><\/div>\n<\/div><\/div><\/main><!-- close content main element --><\/div><\/div><div id='after_section_1'  class='main_color av_default_container_wrap container_wrap sidebar_right'  ><div class='container av-section-cont-open' ><div class='template-page content  av-content-small alpha units'><div class='post-entry post-entry-type-page post-entry-33'><div class='entry-content-wrapper clearfix'>\n","protected":false},"excerpt":{"rendered":"","protected":false},"author":2,"featured_media":0,"parent":0,"menu_order":0,"comment_status":"closed","ping_status":"closed","template":"","meta":{"footnotes":""},"class_list":["post-33","page","type-page","status-publish","hentry"],"_links":{"self":[{"href":"https:\/\/soulvida.e-crie.com\/index.php\/wp-json\/wp\/v2\/pages\/33","targetHints":{"allow":["GET"]}}],"collection":[{"href":"https:\/\/soulvida.e-crie.com\/index.php\/wp-json\/wp\/v2\/pages"}],"about":[{"href":"https:\/\/soulvida.e-crie.com\/index.php\/wp-json\/wp\/v2\/types\/page"}],"author":[{"embeddable":true,"href":"https:\/\/soulvida.e-crie.com\/index.php\/wp-json\/wp\/v2\/users\/2"}],"replies":[{"embeddable":true,"href":"https:\/\/soulvida.e-crie.com\/index.php\/wp-json\/wp\/v2\/comments?post=33"}],"version-history":[{"count":9,"href":"https:\/\/soulvida.e-crie.com\/index.php\/wp-json\/wp\/v2\/pages\/33\/revisions"}],"predecessor-version":[{"id":682,"href":"https:\/\/soulvida.e-crie.com\/index.php\/wp-json\/wp\/v2\/pages\/33\/revisions\/682"}],"wp:attachment":[{"href":"https:\/\/soulvida.e-crie.com\/index.php\/wp-json\/wp\/v2\/media?parent=33"}],"curies":[{"name":"wp","href":"https:\/\/api.w.org\/{rel}","templated":true}]}}