{"id":163,"date":"2022-01-05T04:00:51","date_gmt":"2022-01-05T04:00:51","guid":{"rendered":"https:\/\/soulvida.e-crie.com\/?page_id=163"},"modified":"2024-01-24T19:35:17","modified_gmt":"2024-01-24T19:35:17","slug":"a-criativa","status":"publish","type":"page","link":"https:\/\/soulvida.e-crie.com\/index.php\/a-criativa\/","title":{"rendered":"SOBRE"},"content":{"rendered":"\n<style type=\"text\/css\" data-created_by=\"avia_inline_auto\" id=\"style-css-av-ks5rn-f8f38f419c37faf98b5a0aa5a058c4d9\">\n#top .flex_column.av-ks5rn-f8f38f419c37faf98b5a0aa5a058c4d9{\nmargin-top:10%;\nmargin-bottom:10%;\n}\n.flex_column.av-ks5rn-f8f38f419c37faf98b5a0aa5a058c4d9{\nwidth:79.9%;\n}\n.responsive #top #wrap_all .flex_column.av-ks5rn-f8f38f419c37faf98b5a0aa5a058c4d9{\nmargin-top:10%;\nmargin-bottom:10%;\n}\n<\/style>\n<div  class='flex_column av-ks5rn-f8f38f419c37faf98b5a0aa5a058c4d9 av_four_fifth  avia-builder-el-0  avia-builder-el-no-sibling  first flex_column_div  '     ><p>\n<style type=\"text\/css\" data-created_by=\"avia_inline_auto\" id=\"style-css-av-ky10c5g3-89674e4ea0445f8fecd2da1861afa421\">\n#top .av-special-heading.av-ky10c5g3-89674e4ea0445f8fecd2da1861afa421{\npadding-bottom:10px;\ncolor:#6b0000;\nfont-size:38px;\n}\nbody .av-special-heading.av-ky10c5g3-89674e4ea0445f8fecd2da1861afa421 .av-special-heading-tag .heading-char{\nfont-size:25px;\n}\n#top #wrap_all .av-special-heading.av-ky10c5g3-89674e4ea0445f8fecd2da1861afa421 .av-special-heading-tag{\nfont-size:38px;\n}\n.av-special-heading.av-ky10c5g3-89674e4ea0445f8fecd2da1861afa421 .special-heading-inner-border{\nborder-color:#6b0000;\n}\n.av-special-heading.av-ky10c5g3-89674e4ea0445f8fecd2da1861afa421 .av-subheading{\nfont-size:15px;\n}\n\n@media only screen and (min-width: 480px) and (max-width: 767px){ \n#top #wrap_all .av-special-heading.av-ky10c5g3-89674e4ea0445f8fecd2da1861afa421 .av-special-heading-tag{\nfont-size:0.8em;\n}\n}\n\n@media only screen and (max-width: 479px){ \n#top #wrap_all .av-special-heading.av-ky10c5g3-89674e4ea0445f8fecd2da1861afa421 .av-special-heading-tag{\nfont-size:0.8em;\n}\n}\n<\/style>\n<div  class='av-special-heading av-ky10c5g3-89674e4ea0445f8fecd2da1861afa421 av-special-heading-h3 custom-color-heading blockquote modern-quote  avia-builder-el-1  el_before_av_textblock  avia-builder-el-first  av-inherit-size'><h3 class='av-special-heading-tag'  itemprop=\"headline\"  >CRIATIVA<\/h3><div class='av_custom_color av-subheading av-subheading_below'><p>Arquiterura &amp; Engenharia<\/p>\n<\/div><div class=\"special-heading-border\"><div class=\"special-heading-inner-border\"><\/div><\/div><\/div><br \/>\n\n<style type=\"text\/css\" data-created_by=\"avia_inline_auto\" id=\"style-css-av-ky10cza2-f0ddd03753e3d1479e060e3a5211d9c1\">\n#top .av_textblock_section.av-ky10cza2-f0ddd03753e3d1479e060e3a5211d9c1 .avia_textblock{\nfont-size:16px;\ntext-align:left;\n}\n<\/style>\n<section  class='av_textblock_section av-ky10cza2-f0ddd03753e3d1479e060e3a5211d9c1 '   itemscope=\"itemscope\" itemtype=\"https:\/\/schema.org\/CreativeWork\" ><div class='avia_textblock'  itemprop=\"text\" ><p>Inaugurada em 2004 pelo arquiteto Rodrigo Masotti, nossa empresa foi concebida para ingressar no competitivo mercado da Constru\u00e7\u00e3o Civil, destacando-se como fornecedora de solu\u00e7\u00f5es de engenharia personalizadas voltadas para os setores industrial e corporativo.<\/p>\n<p>Ao longo de sua trajet\u00f3ria, a CRIATIVA conquistou e manteve a fidelidade de clientes de grande destaque no cen\u00e1rio nacional, mantendo um comprometimento constante com os objetivos do cliente e destacando-se pela excel\u00eancia no planejamento e na qualidade da execu\u00e7\u00e3o.<\/p>\n<p>A CRIATIVA consolidou sua presen\u00e7a no mercado e atualmente possui em seu portf\u00f3lio in\u00fameras obras espalhadas por todo o territ\u00f3rio nacional. O sucesso alcan\u00e7ado deve-se ao corpo t\u00e9cnico altamente capacitado, m\u00e3o de obra qualificada e uma estrutura compacta, diferenciais que permitem \u00e0 CRIATIVA oferecer as melhores solu\u00e7\u00f5es com o melhor custo-benef\u00edcio do setor.<\/p>\n<\/div><\/section><br \/>\n\n<style type=\"text\/css\" data-created_by=\"avia_inline_auto\" id=\"style-css-av-ky1qidbo-eb2c9c5de6c37aafd203aa13c5d60a4f\">\n#top .hr.hr-invisible.av-ky1qidbo-eb2c9c5de6c37aafd203aa13c5d60a4f{\nheight:10px;\n}\n<\/style>\n<div  class='hr av-ky1qidbo-eb2c9c5de6c37aafd203aa13c5d60a4f hr-invisible  avia-builder-el-3  el_after_av_textblock  el_before_av_heading '><span class='hr-inner '><span class=\"hr-inner-style\"><\/span><\/span><\/div><br \/>\n\n<style type=\"text\/css\" data-created_by=\"avia_inline_auto\" id=\"style-css-av-jzxkb-f430985ed0a4add6af93fc0d7310ba9e\">\n#top .av-special-heading.av-jzxkb-f430985ed0a4add6af93fc0d7310ba9e{\ncolor:#8c2125;\nfont-size:28px;\n}\nbody .av-special-heading.av-jzxkb-f430985ed0a4add6af93fc0d7310ba9e .av-special-heading-tag .heading-char{\nfont-size:25px;\n}\n#top #wrap_all .av-special-heading.av-jzxkb-f430985ed0a4add6af93fc0d7310ba9e .av-special-heading-tag{\nfont-size:28px;\n}\n.av-special-heading.av-jzxkb-f430985ed0a4add6af93fc0d7310ba9e .special-heading-inner-border{\nborder-color:#8c2125;\n}\n.av-special-heading.av-jzxkb-f430985ed0a4add6af93fc0d7310ba9e .av-subheading{\nfont-size:15px;\n}\n\n@media only screen and (min-width: 480px) and (max-width: 767px){ \n#top #wrap_all .av-special-heading.av-jzxkb-f430985ed0a4add6af93fc0d7310ba9e .av-special-heading-tag{\nfont-size:0.8em;\n}\n}\n\n@media only screen and (max-width: 479px){ \n#top #wrap_all .av-special-heading.av-jzxkb-f430985ed0a4add6af93fc0d7310ba9e .av-special-heading-tag{\nfont-size:0.8em;\n}\n}\n<\/style>\n<div  class='av-special-heading av-jzxkb-f430985ed0a4add6af93fc0d7310ba9e av-special-heading-h3 custom-color-heading blockquote modern-quote  avia-builder-el-4  el_after_av_hr  el_before_av_textblock  av-inherit-size'><h3 class='av-special-heading-tag'  itemprop=\"headline\"  >Miss\u00e3o <\/h3><div class=\"special-heading-border\"><div class=\"special-heading-inner-border\"><\/div><\/div><\/div><br \/>\n\n<style type=\"text\/css\" data-created_by=\"avia_inline_auto\" id=\"style-css-av-gfzur-2dc91de48755fc61b99833b759f3f40e\">\n#top .av_textblock_section.av-gfzur-2dc91de48755fc61b99833b759f3f40e .avia_textblock{\nfont-size:16px;\ntext-align:left;\n}\n<\/style>\n<section  class='av_textblock_section av-gfzur-2dc91de48755fc61b99833b759f3f40e '   itemscope=\"itemscope\" itemtype=\"https:\/\/schema.org\/CreativeWork\" ><div class='avia_textblock'  itemprop=\"text\" ><p class=\"selectable-text copyable-text iq0m558w g0rxnol2\" dir=\"ltr\"><span class=\"selectable-text copyable-text\">Fornecer servi\u00e7os e solu\u00e7\u00f5es de Engenharia com qualidade, planejamento, custo adequado e de forma rent\u00e1vel, gerando recursos necess\u00e1rios para a expans\u00e3o e melhoria continua dos servi\u00e7os prestados neste segmento.<\/span><\/p>\n<\/div><\/section><br \/>\n\n<style type=\"text\/css\" data-created_by=\"avia_inline_auto\" id=\"style-css-av-lrpdq61m-b00fa6a36ae0e2134460cb7767acfd98\">\n#top .av-special-heading.av-lrpdq61m-b00fa6a36ae0e2134460cb7767acfd98{\npadding-bottom:10px;\ncolor:#8c2125;\nfont-size:28px;\n}\nbody .av-special-heading.av-lrpdq61m-b00fa6a36ae0e2134460cb7767acfd98 .av-special-heading-tag .heading-char{\nfont-size:25px;\n}\n#top #wrap_all .av-special-heading.av-lrpdq61m-b00fa6a36ae0e2134460cb7767acfd98 .av-special-heading-tag{\nfont-size:28px;\n}\n.av-special-heading.av-lrpdq61m-b00fa6a36ae0e2134460cb7767acfd98 .special-heading-inner-border{\nborder-color:#8c2125;\n}\n.av-special-heading.av-lrpdq61m-b00fa6a36ae0e2134460cb7767acfd98 .av-subheading{\nfont-size:15px;\n}\n\n@media only screen and (min-width: 480px) and (max-width: 767px){ \n#top #wrap_all .av-special-heading.av-lrpdq61m-b00fa6a36ae0e2134460cb7767acfd98 .av-special-heading-tag{\nfont-size:0.8em;\n}\n}\n\n@media only screen and (max-width: 479px){ \n#top #wrap_all .av-special-heading.av-lrpdq61m-b00fa6a36ae0e2134460cb7767acfd98 .av-special-heading-tag{\nfont-size:0.8em;\n}\n}\n<\/style>\n<div  class='av-special-heading av-lrpdq61m-b00fa6a36ae0e2134460cb7767acfd98 av-special-heading-h3 custom-color-heading blockquote modern-quote  avia-builder-el-6  el_after_av_textblock  el_before_av_textblock  av-inherit-size'><h3 class='av-special-heading-tag'  itemprop=\"headline\"  >Vis\u00e3o<\/h3><div class=\"special-heading-border\"><div class=\"special-heading-inner-border\"><\/div><\/div><\/div><br \/>\n\n<style type=\"text\/css\" data-created_by=\"avia_inline_auto\" id=\"style-css-av-lrpdr8jf-49e60d33c7a0810dc9a30aa74c1430c4\">\n#top .av_textblock_section.av-lrpdr8jf-49e60d33c7a0810dc9a30aa74c1430c4 .avia_textblock{\nfont-size:16px;\ntext-align:left;\n}\n<\/style>\n<section  class='av_textblock_section av-lrpdr8jf-49e60d33c7a0810dc9a30aa74c1430c4 '   itemscope=\"itemscope\" itemtype=\"https:\/\/schema.org\/CreativeWork\" ><div class='avia_textblock'  itemprop=\"text\" ><p class=\"selectable-text copyable-text iq0m558w g0rxnol2\" dir=\"ltr\"><span class=\"selectable-text copyable-text\">Ser refer\u00eancia na prepara\u00e7\u00e3o e organiza\u00e7\u00e3o dos recursos humanos e tecnol\u00f3gicos, manter-se como provedor de solu\u00e7\u00f5es inteligentes e servi\u00e7os de qualidade no segmento de Engenharia. Assegurar atrav\u00e9s da qualidade e da credibilidade a satisfa\u00e7\u00e3o dos clientes e colaboradores, agregando valor \u00e0 marca.<\/span><\/p>\n<\/div><\/section><br \/>\n\n<style type=\"text\/css\" data-created_by=\"avia_inline_auto\" id=\"style-css-av-lrpdqhv3-f42ebb68d9f006b98570bf95a21acffa\">\n#top .av-special-heading.av-lrpdqhv3-f42ebb68d9f006b98570bf95a21acffa{\npadding-bottom:10px;\ncolor:#8c2125;\nfont-size:28px;\n}\nbody .av-special-heading.av-lrpdqhv3-f42ebb68d9f006b98570bf95a21acffa .av-special-heading-tag .heading-char{\nfont-size:25px;\n}\n#top #wrap_all .av-special-heading.av-lrpdqhv3-f42ebb68d9f006b98570bf95a21acffa .av-special-heading-tag{\nfont-size:28px;\n}\n.av-special-heading.av-lrpdqhv3-f42ebb68d9f006b98570bf95a21acffa .special-heading-inner-border{\nborder-color:#8c2125;\n}\n.av-special-heading.av-lrpdqhv3-f42ebb68d9f006b98570bf95a21acffa .av-subheading{\nfont-size:15px;\n}\n\n@media only screen and (min-width: 480px) and (max-width: 767px){ \n#top #wrap_all .av-special-heading.av-lrpdqhv3-f42ebb68d9f006b98570bf95a21acffa .av-special-heading-tag{\nfont-size:0.8em;\n}\n}\n\n@media only screen and (max-width: 479px){ \n#top #wrap_all .av-special-heading.av-lrpdqhv3-f42ebb68d9f006b98570bf95a21acffa .av-special-heading-tag{\nfont-size:0.8em;\n}\n}\n<\/style>\n<div  class='av-special-heading av-lrpdqhv3-f42ebb68d9f006b98570bf95a21acffa av-special-heading-h3 custom-color-heading blockquote modern-quote  avia-builder-el-8  el_after_av_textblock  el_before_av_textblock  av-inherit-size'><h3 class='av-special-heading-tag'  itemprop=\"headline\"  >Valores<\/h3><div class=\"special-heading-border\"><div class=\"special-heading-inner-border\"><\/div><\/div><\/div><br \/>\n\n<style type=\"text\/css\" data-created_by=\"avia_inline_auto\" id=\"style-css-av-lrpdrfr7-5b6e61b82d7922f0dfa77d08447ef737\">\n#top .av_textblock_section.av-lrpdrfr7-5b6e61b82d7922f0dfa77d08447ef737 .avia_textblock{\nfont-size:16px;\ntext-align:left;\n}\n<\/style>\n<section  class='av_textblock_section av-lrpdrfr7-5b6e61b82d7922f0dfa77d08447ef737 '   itemscope=\"itemscope\" itemtype=\"https:\/\/schema.org\/CreativeWork\" ><div class='avia_textblock'  itemprop=\"text\" ><p class=\"selectable-text copyable-text iq0m558w g0rxnol2\" dir=\"ltr\"><span class=\"selectable-text copyable-text\">\u00c9tica, Comprometimento com clientes e fornecedores, Confian\u00e7a, Excel\u00eancia em qualidade, Motiva\u00e7\u00e3o e valoriza\u00e7\u00e3o dos colaboradores, Rentabilidade, Seguran\u00e7a no trabalho e Responsabilidade Socioambiental, compromisso e apoio as solu\u00e7\u00f5es e atitudes sustent\u00e1veis.<\/span><\/p>\n<\/div><\/section><\/p><\/div>\n","protected":false},"excerpt":{"rendered":"","protected":false},"author":2,"featured_media":0,"parent":0,"menu_order":0,"comment_status":"closed","ping_status":"closed","template":"","meta":{"footnotes":""},"class_list":["post-163","page","type-page","status-publish","hentry"],"_links":{"self":[{"href":"https:\/\/soulvida.e-crie.com\/index.php\/wp-json\/wp\/v2\/pages\/163","targetHints":{"allow":["GET"]}}],"collection":[{"href":"https:\/\/soulvida.e-crie.com\/index.php\/wp-json\/wp\/v2\/pages"}],"about":[{"href":"https:\/\/soulvida.e-crie.com\/index.php\/wp-json\/wp\/v2\/types\/page"}],"author":[{"embeddable":true,"href":"https:\/\/soulvida.e-crie.com\/index.php\/wp-json\/wp\/v2\/users\/2"}],"replies":[{"embeddable":true,"href":"https:\/\/soulvida.e-crie.com\/index.php\/wp-json\/wp\/v2\/comments?post=163"}],"version-history":[{"count":26,"href":"https:\/\/soulvida.e-crie.com\/index.php\/wp-json\/wp\/v2\/pages\/163\/revisions"}],"predecessor-version":[{"id":688,"href":"https:\/\/soulvida.e-crie.com\/index.php\/wp-json\/wp\/v2\/pages\/163\/revisions\/688"}],"wp:attachment":[{"href":"https:\/\/soulvida.e-crie.com\/index.php\/wp-json\/wp\/v2\/media?parent=163"}],"curies":[{"name":"wp","href":"https:\/\/api.w.org\/{rel}","templated":true}]}}